{"id":432,"date":"2023-05-01T09:06:23","date_gmt":"2023-05-01T09:06:23","guid":{"rendered":"https:\/\/hkl100.ch\/?page_id=432"},"modified":"2023-05-19T13:26:46","modified_gmt":"2023-05-19T13:26:46","slug":"verein","status":"publish","type":"page","link":"https:\/\/hkl100.ch\/?page_id=432","title":{"rendered":"Der Verein"},"content":{"rendered":"\t\t<div data-elementor-type=\"wp-page\" data-elementor-id=\"432\" class=\"elementor elementor-432\">\n\t\t\t\t\t\t<section class=\"elementor-section elementor-top-section elementor-element elementor-element-5031216 elementor-section-boxed elementor-section-height-default elementor-section-height-default\" data-id=\"5031216\" data-element_type=\"section\" data-e-type=\"section\">\n\t\t\t\t\t\t<div class=\"elementor-container elementor-column-gap-default\">\n\t\t\t\t\t<div class=\"elementor-column elementor-col-100 elementor-top-column elementor-element elementor-element-f439f21\" data-id=\"f439f21\" data-element_type=\"column\" data-e-type=\"column\">\n\t\t\t<div class=\"elementor-widget-wrap\">\n\t\t\t\t\t\t\t<\/div>\n\t\t<\/div>\n\t\t\t\t\t<\/div>\n\t\t<\/section>\n\t\t\t\t<section class=\"elementor-section elementor-top-section elementor-element elementor-element-ab5bc71 elementor-section-boxed elementor-section-height-default elementor-section-height-default\" data-id=\"ab5bc71\" data-element_type=\"section\" data-e-type=\"section\">\n\t\t\t\t\t\t<div class=\"elementor-container elementor-column-gap-default\">\n\t\t\t\t\t<div class=\"elementor-column elementor-col-100 elementor-top-column elementor-element elementor-element-610c1d7\" data-id=\"610c1d7\" data-element_type=\"column\" data-e-type=\"column\">\n\t\t\t<div class=\"elementor-widget-wrap elementor-element-populated\">\n\t\t\t\t\t\t<div class=\"elementor-element elementor-element-3b5278f elementor-widget-divider--view-line elementor-widget elementor-widget-divider\" data-id=\"3b5278f\" data-element_type=\"widget\" data-e-type=\"widget\" data-widget_type=\"divider.default\">\n\t\t\t\t<div class=\"elementor-widget-container\">\n\t\t\t\t\t\t\t<div class=\"elementor-divider\">\n\t\t\t<span class=\"elementor-divider-separator\">\n\t\t\t\t\t\t<\/span>\n\t\t<\/div>\n\t\t\t\t\t\t<\/div>\n\t\t\t\t<\/div>\n\t\t\t\t<section class=\"elementor-section elementor-inner-section elementor-element elementor-element-d9a84d8 elementor-section-boxed elementor-section-height-default elementor-section-height-default\" data-id=\"d9a84d8\" data-element_type=\"section\" data-e-type=\"section\">\n\t\t\t\t\t\t<div class=\"elementor-container elementor-column-gap-default\">\n\t\t\t\t\t<div class=\"elementor-column elementor-col-50 elementor-inner-column elementor-element elementor-element-f71c099\" data-id=\"f71c099\" data-element_type=\"column\" data-e-type=\"column\">\n\t\t\t<div class=\"elementor-widget-wrap elementor-element-populated\">\n\t\t\t\t\t\t<div class=\"elementor-element elementor-element-ef8a741 elementor-widget__width-initial elementor-widget elementor-widget-text-editor\" data-id=\"ef8a741\" data-element_type=\"widget\" data-e-type=\"widget\" data-widget_type=\"text-editor.default\">\n\t\t\t\t<div class=\"elementor-widget-container\">\n\t\t\t\t\t\t\t\t\t<h5>Im Juni 2023 wurde der Verein HISTORIC KARTING LEAGUE 100 gegr\u00fcndet. Erkl\u00e4rtes Ziel ist die F\u00f6rderung und Pflege des historischen Kartsports seit dessen Entstehung bis zum Jahr 2005. In dieser Epoche entwickelte sich der Kartsport zur erfolgreichen Talentschmiede f\u00fcr zuk\u00fcnftige Spitzenpiloten im Automobilrennsport. Michael Schumacher, Alain Prost, Ayrton Senna, Sebastian Vettel, Lewis Hamilton und Marc Surer sind einige davon.<br \/>Die damaligen 100er-Karts waren technisch sehr einfach. Weder Kupplung, Getriebe, Starter, Vorderradbremsen, noch eine Batterie und Datenrecording waren n\u00f6tig. Auch brauchte es keine speziellen Kenntnisse zum Interpretieren der zahlreichen Daten von elektronischen Sensoren. W\u00e4hrend langer Zeit waren auch Karrosserieteile an Karts nicht erlaubt. Die Einfachheit der Fahrzeugausr\u00fcstung und ihre imposanten Fahrleistungen, pr\u00e4gen eine wichtige Motorsport-Epoche. Die damalige Technik sollte deshalb der Nachwelt als Kulturgut erhalten bleiben.<\/h5>\t\t\t\t\t\t\t\t<\/div>\n\t\t\t\t<\/div>\n\t\t\t\t\t<\/div>\n\t\t<\/div>\n\t\t\t\t<div class=\"elementor-column elementor-col-50 elementor-inner-column elementor-element elementor-element-f18d8db\" data-id=\"f18d8db\" data-element_type=\"column\" data-e-type=\"column\">\n\t\t\t<div class=\"elementor-widget-wrap elementor-element-populated\">\n\t\t\t\t\t\t<div class=\"elementor-element elementor-element-92763d5 elementor-widget elementor-widget-spacer\" data-id=\"92763d5\" data-element_type=\"widget\" data-e-type=\"widget\" data-widget_type=\"spacer.default\">\n\t\t\t\t<div class=\"elementor-widget-container\">\n\t\t\t\t\t\t\t<div class=\"elementor-spacer\">\n\t\t\t<div class=\"elementor-spacer-inner\"><\/div>\n\t\t<\/div>\n\t\t\t\t\t\t<\/div>\n\t\t\t\t<\/div>\n\t\t\t\t<div class=\"elementor-element elementor-element-0ace644 elementor-widget elementor-widget-image\" data-id=\"0ace644\" data-element_type=\"widget\" data-e-type=\"widget\" data-widget_type=\"image.default\">\n\t\t\t\t<div class=\"elementor-widget-container\">\n\t\t\t\t\t\t\t\t\t\t\t\t\t\t\t<img fetchpriority=\"high\" decoding=\"async\" width=\"1024\" height=\"689\" src=\"https:\/\/hkl100.ch\/wp-content\/uploads\/2023\/04\/HipstamaticPhoto-676625852.845114-1024x689.jpeg\" class=\"attachment-large size-large wp-image-192\" alt=\"\" srcset=\"https:\/\/hkl100.ch\/wp-content\/uploads\/2023\/04\/HipstamaticPhoto-676625852.845114-1024x689.jpeg 1024w, https:\/\/hkl100.ch\/wp-content\/uploads\/2023\/04\/HipstamaticPhoto-676625852.845114-300x202.jpeg 300w, https:\/\/hkl100.ch\/wp-content\/uploads\/2023\/04\/HipstamaticPhoto-676625852.845114-768x517.jpeg 768w, https:\/\/hkl100.ch\/wp-content\/uploads\/2023\/04\/HipstamaticPhoto-676625852.845114-1536x1034.jpeg 1536w, https:\/\/hkl100.ch\/wp-content\/uploads\/2023\/04\/HipstamaticPhoto-676625852.845114.jpeg 1600w\" sizes=\"(max-width: 1024px) 100vw, 1024px\" \/>\t\t\t\t\t\t\t\t\t\t\t\t\t\t\t<\/div>\n\t\t\t\t<\/div>\n\t\t\t\t\t<\/div>\n\t\t<\/div>\n\t\t\t\t\t<\/div>\n\t\t<\/section>\n\t\t\t\t\t<\/div>\n\t\t<\/div>\n\t\t\t\t\t<\/div>\n\t\t<\/section>\n\t\t\t\t<section class=\"elementor-section elementor-top-section elementor-element elementor-element-5f16480 elementor-section-boxed elementor-section-height-default elementor-section-height-default\" data-id=\"5f16480\" data-element_type=\"section\" data-e-type=\"section\">\n\t\t\t\t\t\t<div class=\"elementor-container elementor-column-gap-default\">\n\t\t\t\t\t<div class=\"elementor-column elementor-col-100 elementor-top-column elementor-element elementor-element-1d8784d\" data-id=\"1d8784d\" data-element_type=\"column\" data-e-type=\"column\">\n\t\t\t<div class=\"elementor-widget-wrap elementor-element-populated\">\n\t\t\t\t\t\t<div class=\"elementor-element elementor-element-0674484 elementor-widget-divider--view-line elementor-widget elementor-widget-divider\" data-id=\"0674484\" data-element_type=\"widget\" data-e-type=\"widget\" data-widget_type=\"divider.default\">\n\t\t\t\t<div class=\"elementor-widget-container\">\n\t\t\t\t\t\t\t<div class=\"elementor-divider\">\n\t\t\t<span class=\"elementor-divider-separator\">\n\t\t\t\t\t\t<\/span>\n\t\t<\/div>\n\t\t\t\t\t\t<\/div>\n\t\t\t\t<\/div>\n\t\t\t\t\t<\/div>\n\t\t<\/div>\n\t\t\t\t\t<\/div>\n\t\t<\/section>\n\t\t\t\t<section class=\"elementor-section elementor-top-section elementor-element elementor-element-c50758e elementor-section-boxed elementor-section-height-default elementor-section-height-default\" data-id=\"c50758e\" data-element_type=\"section\" data-e-type=\"section\">\n\t\t\t\t\t\t<div class=\"elementor-container elementor-column-gap-default\">\n\t\t\t\t\t<div class=\"elementor-column elementor-col-100 elementor-top-column elementor-element elementor-element-d4fd8ef\" data-id=\"d4fd8ef\" data-element_type=\"column\" data-e-type=\"column\">\n\t\t\t<div class=\"elementor-widget-wrap elementor-element-populated\">\n\t\t\t\t\t\t<div class=\"elementor-element elementor-element-40f45ee elementor-arrows-position-inside elementor-pagination-position-outside elementor-widget elementor-widget-image-carousel\" data-id=\"40f45ee\" data-element_type=\"widget\" data-e-type=\"widget\" data-settings=\"{&quot;autoplay_speed&quot;:2000,&quot;navigation&quot;:&quot;both&quot;,&quot;autoplay&quot;:&quot;yes&quot;,&quot;pause_on_hover&quot;:&quot;yes&quot;,&quot;pause_on_interaction&quot;:&quot;yes&quot;,&quot;infinite&quot;:&quot;yes&quot;,&quot;speed&quot;:500}\" data-widget_type=\"image-carousel.default\">\n\t\t\t\t<div class=\"elementor-widget-container\">\n\t\t\t\t\t\t\t<div class=\"elementor-image-carousel-wrapper swiper\" role=\"region\" aria-roledescription=\"carousel\" aria-label=\"Bild Karussell\" dir=\"ltr\">\n\t\t\t<div class=\"elementor-image-carousel swiper-wrapper swiper-image-stretch\" aria-live=\"off\">\n\t\t\t\t\t\t\t\t<div class=\"swiper-slide\" role=\"group\" aria-roledescription=\"slide\" aria-label=\"1 von 5\"><figure class=\"swiper-slide-inner\"><img decoding=\"async\" class=\"swiper-slide-image\" src=\"https:\/\/hkl100.ch\/wp-content\/uploads\/2023\/05\/IMG_5012-768x576.jpeg\" alt=\"IMG_5012\" \/><\/figure><\/div><div class=\"swiper-slide\" role=\"group\" aria-roledescription=\"slide\" aria-label=\"2 von 5\"><figure class=\"swiper-slide-inner\"><img decoding=\"async\" class=\"swiper-slide-image\" src=\"https:\/\/hkl100.ch\/wp-content\/uploads\/2023\/05\/IMG_4998-768x1024.jpeg\" alt=\"IMG_4998\" \/><\/figure><\/div><div class=\"swiper-slide\" role=\"group\" aria-roledescription=\"slide\" aria-label=\"3 von 5\"><figure class=\"swiper-slide-inner\"><img decoding=\"async\" class=\"swiper-slide-image\" src=\"https:\/\/hkl100.ch\/wp-content\/uploads\/2023\/05\/IMG_5014-768x576.jpeg\" alt=\"IMG_5014\" \/><\/figure><\/div><div class=\"swiper-slide\" role=\"group\" aria-roledescription=\"slide\" aria-label=\"4 von 5\"><figure class=\"swiper-slide-inner\"><img decoding=\"async\" class=\"swiper-slide-image\" src=\"https:\/\/hkl100.ch\/wp-content\/uploads\/2023\/05\/IMG_4990.jpeg\" alt=\"IMG_4990\" \/><\/figure><\/div><div class=\"swiper-slide\" role=\"group\" aria-roledescription=\"slide\" aria-label=\"5 von 5\"><figure class=\"swiper-slide-inner\"><img decoding=\"async\" class=\"swiper-slide-image\" src=\"https:\/\/hkl100.ch\/wp-content\/uploads\/2023\/05\/HipstamaticPhoto-676625852.845114-768x517.jpeg\" alt=\"HipstamaticPhoto-676625852.845114\" \/><\/figure><\/div>\t\t\t<\/div>\n\t\t\t\t\t\t\t\t\t\t\t\t<div class=\"elementor-swiper-button elementor-swiper-button-prev\" role=\"button\" tabindex=\"0\">\n\t\t\t\t\t\t<i aria-hidden=\"true\" class=\"eicon-chevron-left\"><\/i>\t\t\t\t\t<\/div>\n\t\t\t\t\t<div class=\"elementor-swiper-button elementor-swiper-button-next\" role=\"button\" tabindex=\"0\">\n\t\t\t\t\t\t<i aria-hidden=\"true\" class=\"eicon-chevron-right\"><\/i>\t\t\t\t\t<\/div>\n\t\t\t\t\n\t\t\t\t\t\t\t\t\t<div class=\"swiper-pagination\"><\/div>\n\t\t\t\t\t\t\t\t\t<\/div>\n\t\t\t\t\t\t<\/div>\n\t\t\t\t<\/div>\n\t\t\t\t\t<\/div>\n\t\t<\/div>\n\t\t\t\t\t<\/div>\n\t\t<\/section>\n\t\t\t\t<\/div>\n\t\t","protected":false},"excerpt":{"rendered":"<p>Im Juni 2023 wurde der Verein HISTORIC KARTING LEAGUE 100 gegr\u00fcndet. Erkl\u00e4rtes Ziel ist die F\u00f6rderung und Pflege des historischen Kartsports seit dessen Entstehung bis zum Jahr 2005. In dieser [&hellip;]<\/p>\n","protected":false},"author":1,"featured_media":0,"parent":0,"menu_order":0,"comment_status":"closed","ping_status":"closed","template":"","meta":{"footnotes":""},"class_list":["post-432","page","type-page","status-publish","hentry"],"_links":{"self":[{"href":"https:\/\/hkl100.ch\/index.php?rest_route=\/wp\/v2\/pages\/432","targetHints":{"allow":["GET"]}}],"collection":[{"href":"https:\/\/hkl100.ch\/index.php?rest_route=\/wp\/v2\/pages"}],"about":[{"href":"https:\/\/hkl100.ch\/index.php?rest_route=\/wp\/v2\/types\/page"}],"author":[{"embeddable":true,"href":"https:\/\/hkl100.ch\/index.php?rest_route=\/wp\/v2\/users\/1"}],"replies":[{"embeddable":true,"href":"https:\/\/hkl100.ch\/index.php?rest_route=%2Fwp%2Fv2%2Fcomments&post=432"}],"version-history":[{"count":44,"href":"https:\/\/hkl100.ch\/index.php?rest_route=\/wp\/v2\/pages\/432\/revisions"}],"predecessor-version":[{"id":566,"href":"https:\/\/hkl100.ch\/index.php?rest_route=\/wp\/v2\/pages\/432\/revisions\/566"}],"wp:attachment":[{"href":"https:\/\/hkl100.ch\/index.php?rest_route=%2Fwp%2Fv2%2Fmedia&parent=432"}],"curies":[{"name":"wp","href":"https:\/\/api.w.org\/{rel}","templated":true}]}}