{"id":460,"date":"2023-05-17T09:48:33","date_gmt":"2023-05-17T09:48:33","guid":{"rendered":"https:\/\/hkl100.ch\/?page_id=460"},"modified":"2023-05-19T11:03:30","modified_gmt":"2023-05-19T11:03:30","slug":"home","status":"publish","type":"page","link":"https:\/\/hkl100.ch\/","title":{"rendered":"The way of Karting"},"content":{"rendered":"\t\t<div data-elementor-type=\"wp-page\" data-elementor-id=\"460\" class=\"elementor elementor-460\">\n\t\t\t\t\t\t<section class=\"elementor-section elementor-top-section elementor-element elementor-element-5e01519 elementor-section-boxed elementor-section-height-default elementor-section-height-default\" data-id=\"5e01519\" data-element_type=\"section\" data-e-type=\"section\">\n\t\t\t\t\t\t<div class=\"elementor-container elementor-column-gap-default\">\n\t\t\t\t\t<div class=\"elementor-column elementor-col-100 elementor-top-column elementor-element elementor-element-7ea3d00\" data-id=\"7ea3d00\" data-element_type=\"column\" data-e-type=\"column\">\n\t\t\t<div class=\"elementor-widget-wrap elementor-element-populated\">\n\t\t\t\t\t\t<div class=\"elementor-element elementor-element-324385e elementor-widget elementor-widget-spacer\" data-id=\"324385e\" data-element_type=\"widget\" data-e-type=\"widget\" data-widget_type=\"spacer.default\">\n\t\t\t\t<div class=\"elementor-widget-container\">\n\t\t\t\t\t\t\t<div class=\"elementor-spacer\">\n\t\t\t<div class=\"elementor-spacer-inner\"><\/div>\n\t\t<\/div>\n\t\t\t\t\t\t<\/div>\n\t\t\t\t<\/div>\n\t\t\t\t<div class=\"elementor-element elementor-element-89f7f60 elementor-widget elementor-widget-image\" data-id=\"89f7f60\" data-element_type=\"widget\" data-e-type=\"widget\" data-widget_type=\"image.default\">\n\t\t\t\t<div class=\"elementor-widget-container\">\n\t\t\t\t\t\t\t\t\t\t\t\t\t\t\t<img fetchpriority=\"high\" decoding=\"async\" width=\"512\" height=\"512\" src=\"https:\/\/hkl100.ch\/wp-content\/uploads\/2023\/04\/cropped-logo1.png\" class=\"attachment-large size-large wp-image-269\" alt=\"\" srcset=\"https:\/\/hkl100.ch\/wp-content\/uploads\/2023\/04\/cropped-logo1.png 512w, https:\/\/hkl100.ch\/wp-content\/uploads\/2023\/04\/cropped-logo1-300x300.png 300w, https:\/\/hkl100.ch\/wp-content\/uploads\/2023\/04\/cropped-logo1-150x150.png 150w, https:\/\/hkl100.ch\/wp-content\/uploads\/2023\/04\/cropped-logo1-270x270.png 270w, https:\/\/hkl100.ch\/wp-content\/uploads\/2023\/04\/cropped-logo1-192x192.png 192w, https:\/\/hkl100.ch\/wp-content\/uploads\/2023\/04\/cropped-logo1-180x180.png 180w, https:\/\/hkl100.ch\/wp-content\/uploads\/2023\/04\/cropped-logo1-32x32.png 32w\" sizes=\"(max-width: 512px) 100vw, 512px\" \/>\t\t\t\t\t\t\t\t\t\t\t\t\t\t\t<\/div>\n\t\t\t\t<\/div>\n\t\t\t\t<div class=\"elementor-element elementor-element-38d7438 elementor-widget elementor-widget-spacer\" data-id=\"38d7438\" data-element_type=\"widget\" data-e-type=\"widget\" data-widget_type=\"spacer.default\">\n\t\t\t\t<div class=\"elementor-widget-container\">\n\t\t\t\t\t\t\t<div class=\"elementor-spacer\">\n\t\t\t<div class=\"elementor-spacer-inner\"><\/div>\n\t\t<\/div>\n\t\t\t\t\t\t<\/div>\n\t\t\t\t<\/div>\n\t\t\t\t<div class=\"elementor-element elementor-element-2668f428 elementor-widget__width-initial elementor-widget elementor-widget-text-editor\" data-id=\"2668f428\" data-element_type=\"widget\" data-e-type=\"widget\" data-widget_type=\"text-editor.default\">\n\t\t\t\t<div class=\"elementor-widget-container\">\n\t\t\t\t\t\t\t\t\t\n<h4 class=\"wp-block-heading\">Wir, die HKL100, sind die Truppe die noch heute mit dem Material der \u201eKartmeister\u201c f\u00e4hrt.<\/h4>\n\n\n\n<h4 class=\"wp-block-heading\">Die beste Zeit des Kartsports waren eindeutig die Jahre von 1995 bis 2005,<br>nicht 2000 \u2013 nein \u2013 2005.<\/h4>\n\n\n\n<h4 class=\"wp-block-heading\">Wir lassen diese Zeiten mit viel Spa\u00df und Teamgeist wieder aufleben!<\/h4>\n\n\n\n<h4 class=\"wp-block-heading\">Das \u00fcbliche Sportger\u00e4t besteht bei uns aus einem Kart mit bew\u00e4hrter Technik aus jener Zeit, es sind aber auch neuere Modelle vertreten. Die Motoren sind alle samt direkt angetrieben, verf\u00fcgen \u00fcber einen Hubraum von 100 Kubikzentimeter und sind membran- oder drehschiebergesteuert. Bei uns sind wasser- und luftgek\u00fchlte Motoren vertreten.<\/h4>\n\n\n\n<h4 class=\"wp-block-heading\">Kartfahren war vor knapp 20 Jahren nicht nur reinsetzen und losfahren, es war viel mehr. Es galt die perfekte Abstimmung zwischen Reifendruck, Spur, Achse usw. zu erarbeiten. Oder aber auch die richtige, feinf\u00fchlige, Vergasereinstellung geh\u00f6rte fr\u00fcher immer zum Gesamtpaket, das \u00fcber Sieg oder Niederlage entschied. Man konnte also sagen \u201eNicht jeder, der gut Kart fahren kann, ist auch der Schnellste.\u201c<\/h4>\n\n\n\n<h4 class=\"wp-block-heading\">Wir erhalten in der GKC 100 diesen Flair des Kartsports und dies auch noch sehr kosteng\u00fcnstig.<\/h4>\n\t\t\t\t\t\t\t\t<\/div>\n\t\t\t\t<\/div>\n\t\t\t\t\t<\/div>\n\t\t<\/div>\n\t\t\t\t\t<\/div>\n\t\t<\/section>\n\t\t\t\t<\/div>\n\t\t","protected":false},"excerpt":{"rendered":"<p>Wir, die HKL100, sind die Truppe die noch heute mit dem Material der \u201eKartmeister\u201c f\u00e4hrt. Die beste Zeit des Kartsports waren eindeutig die Jahre von 1995 bis 2005,nicht 2000 \u2013 [&hellip;]<\/p>\n","protected":false},"author":1,"featured_media":0,"parent":0,"menu_order":0,"comment_status":"closed","ping_status":"closed","template":"page-template\/custom-home-page.php","meta":{"footnotes":""},"class_list":["post-460","page","type-page","status-publish","hentry"],"_links":{"self":[{"href":"https:\/\/hkl100.ch\/index.php?rest_route=\/wp\/v2\/pages\/460","targetHints":{"allow":["GET"]}}],"collection":[{"href":"https:\/\/hkl100.ch\/index.php?rest_route=\/wp\/v2\/pages"}],"about":[{"href":"https:\/\/hkl100.ch\/index.php?rest_route=\/wp\/v2\/types\/page"}],"author":[{"embeddable":true,"href":"https:\/\/hkl100.ch\/index.php?rest_route=\/wp\/v2\/users\/1"}],"replies":[{"embeddable":true,"href":"https:\/\/hkl100.ch\/index.php?rest_route=%2Fwp%2Fv2%2Fcomments&post=460"}],"version-history":[{"count":13,"href":"https:\/\/hkl100.ch\/index.php?rest_route=\/wp\/v2\/pages\/460\/revisions"}],"predecessor-version":[{"id":495,"href":"https:\/\/hkl100.ch\/index.php?rest_route=\/wp\/v2\/pages\/460\/revisions\/495"}],"wp:attachment":[{"href":"https:\/\/hkl100.ch\/index.php?rest_route=%2Fwp%2Fv2%2Fmedia&parent=460"}],"curies":[{"name":"wp","href":"https:\/\/api.w.org\/{rel}","templated":true}]}}