{"id":500,"date":"2023-05-19T11:33:50","date_gmt":"2023-05-19T11:33:50","guid":{"rendered":"https:\/\/hkl100.ch\/?page_id=500"},"modified":"2023-05-19T11:40:02","modified_gmt":"2023-05-19T11:40:02","slug":"statuten","status":"publish","type":"page","link":"https:\/\/hkl100.ch\/?page_id=500","title":{"rendered":"Statuten"},"content":{"rendered":"\t\t<div data-elementor-type=\"wp-page\" data-elementor-id=\"500\" class=\"elementor elementor-500\">\n\t\t\t\t\t\t<section class=\"elementor-section elementor-top-section elementor-element elementor-element-58fc1b3 elementor-section-boxed elementor-section-height-default elementor-section-height-default\" data-id=\"58fc1b3\" data-element_type=\"section\" data-e-type=\"section\">\n\t\t\t\t\t\t<div class=\"elementor-container elementor-column-gap-default\">\n\t\t\t\t\t<div class=\"elementor-column elementor-col-100 elementor-top-column elementor-element elementor-element-06b4d33\" data-id=\"06b4d33\" data-element_type=\"column\" data-e-type=\"column\">\n\t\t\t<div class=\"elementor-widget-wrap elementor-element-populated\">\n\t\t\t\t\t\t<div class=\"elementor-element elementor-element-566a853 elementor-widget-divider--view-line elementor-widget elementor-widget-divider\" data-id=\"566a853\" data-element_type=\"widget\" data-e-type=\"widget\" data-widget_type=\"divider.default\">\n\t\t\t\t<div class=\"elementor-widget-container\">\n\t\t\t\t\t\t\t<div class=\"elementor-divider\">\n\t\t\t<span class=\"elementor-divider-separator\">\n\t\t\t\t\t\t<\/span>\n\t\t<\/div>\n\t\t\t\t\t\t<\/div>\n\t\t\t\t<\/div>\n\t\t\t\t\t<\/div>\n\t\t<\/div>\n\t\t\t\t\t<\/div>\n\t\t<\/section>\n\t\t\t\t<section class=\"elementor-section elementor-top-section elementor-element elementor-element-34e1e0a elementor-section-boxed elementor-section-height-default elementor-section-height-default\" data-id=\"34e1e0a\" data-element_type=\"section\" data-e-type=\"section\">\n\t\t\t\t\t\t<div class=\"elementor-container elementor-column-gap-default\">\n\t\t\t\t\t<div class=\"elementor-column elementor-col-100 elementor-top-column elementor-element elementor-element-80882b0\" data-id=\"80882b0\" data-element_type=\"column\" data-e-type=\"column\">\n\t\t\t<div class=\"elementor-widget-wrap elementor-element-populated\">\n\t\t\t\t\t\t<div class=\"elementor-element elementor-element-b52238f elementor-widget elementor-widget-text-editor\" data-id=\"b52238f\" data-element_type=\"widget\" data-e-type=\"widget\" data-widget_type=\"text-editor.default\">\n\t\t\t\t<div class=\"elementor-widget-container\">\n\t\t\t\t\t\t\t\t\t<h4>I. Name, Domizil, Zweck<\/h4><h4>\u00a0<\/h4><h4>Artikel 1: Name, Domizil<\/h4><h4>Unter dem Namen HISTORIC KARTING LEAGUE 100 (HKL100) besteht ein Verein gem\u00e4ss Art. 60ff ZGB.<br \/>(www.hkl100.ch)<\/h4><h4>Domizil des Vereins ist am Wohnsitz des jeweiligen Pr\u00e4sidenten.<\/h4><p>\u00a0<\/p><h4>Artikel 2: Zweck<\/h4><h4>Die HKL100 bezweckt die F\u00f6rderung und Pflege des historischen Kartsports. Ziel ist die Erhaltung und Pr\u00e4sentation historischer Karts. Der Verein unterst\u00fctzt die Mitglieder bei der Teilnahme an Wettbewerben und Demonstrationsveranstaltungen im In- oder Ausland. Er wahrt die Interessen der Mitglieder in Bezug auf die Ausr\u00fcstung der Karts, die Vorbereitungsarbeiten, sowie f\u00fcr Test- und Trainingsfahrten.\u00a0<\/h4><p>\u00a0<\/p><h4>Blabliblablupp&#8230;.<\/h4>\t\t\t\t\t\t\t\t<\/div>\n\t\t\t\t<\/div>\n\t\t\t\t\t<\/div>\n\t\t<\/div>\n\t\t\t\t\t<\/div>\n\t\t<\/section>\n\t\t\t\t<\/div>\n\t\t","protected":false},"excerpt":{"rendered":"<p>I. Name, Domizil, Zweck \u00a0 Artikel 1: Name, Domizil Unter dem Namen HISTORIC KARTING LEAGUE 100 (HKL100) besteht ein Verein gem\u00e4ss Art. 60ff ZGB.(www.hkl100.ch) Domizil des Vereins ist am Wohnsitz [&hellip;]<\/p>\n","protected":false},"author":1,"featured_media":0,"parent":0,"menu_order":0,"comment_status":"closed","ping_status":"closed","template":"","meta":{"footnotes":""},"class_list":["post-500","page","type-page","status-publish","hentry"],"_links":{"self":[{"href":"https:\/\/hkl100.ch\/index.php?rest_route=\/wp\/v2\/pages\/500","targetHints":{"allow":["GET"]}}],"collection":[{"href":"https:\/\/hkl100.ch\/index.php?rest_route=\/wp\/v2\/pages"}],"about":[{"href":"https:\/\/hkl100.ch\/index.php?rest_route=\/wp\/v2\/types\/page"}],"author":[{"embeddable":true,"href":"https:\/\/hkl100.ch\/index.php?rest_route=\/wp\/v2\/users\/1"}],"replies":[{"embeddable":true,"href":"https:\/\/hkl100.ch\/index.php?rest_route=%2Fwp%2Fv2%2Fcomments&post=500"}],"version-history":[{"count":7,"href":"https:\/\/hkl100.ch\/index.php?rest_route=\/wp\/v2\/pages\/500\/revisions"}],"predecessor-version":[{"id":507,"href":"https:\/\/hkl100.ch\/index.php?rest_route=\/wp\/v2\/pages\/500\/revisions\/507"}],"wp:attachment":[{"href":"https:\/\/hkl100.ch\/index.php?rest_route=%2Fwp%2Fv2%2Fmedia&parent=500"}],"curies":[{"name":"wp","href":"https:\/\/api.w.org\/{rel}","templated":true}]}}