{"id":509,"date":"2023-05-19T11:41:47","date_gmt":"2023-05-19T11:41:47","guid":{"rendered":"https:\/\/hkl100.ch\/?page_id=509"},"modified":"2023-05-19T12:46:50","modified_gmt":"2023-05-19T12:46:50","slug":"geschichtliches-kjhg-kjhg-kjhg","status":"publish","type":"page","link":"https:\/\/hkl100.ch\/?page_id=509","title":{"rendered":"Geschichtliches"},"content":{"rendered":"\t\t<div data-elementor-type=\"wp-page\" data-elementor-id=\"509\" class=\"elementor elementor-509\">\n\t\t\t\t\t\t<section class=\"elementor-section elementor-top-section elementor-element elementor-element-776e51b elementor-section-boxed elementor-section-height-default elementor-section-height-default\" data-id=\"776e51b\" data-element_type=\"section\" data-e-type=\"section\">\n\t\t\t\t\t\t<div class=\"elementor-container elementor-column-gap-default\">\n\t\t\t\t\t<div class=\"elementor-column elementor-col-100 elementor-top-column elementor-element elementor-element-ef30ce1\" data-id=\"ef30ce1\" data-element_type=\"column\" data-e-type=\"column\">\n\t\t\t<div class=\"elementor-widget-wrap elementor-element-populated\">\n\t\t\t\t\t\t<div class=\"elementor-element elementor-element-db978fb elementor-widget-divider--view-line elementor-widget elementor-widget-divider\" data-id=\"db978fb\" data-element_type=\"widget\" data-e-type=\"widget\" data-widget_type=\"divider.default\">\n\t\t\t\t<div class=\"elementor-widget-container\">\n\t\t\t\t\t\t\t<div class=\"elementor-divider\">\n\t\t\t<span class=\"elementor-divider-separator\">\n\t\t\t\t\t\t<\/span>\n\t\t<\/div>\n\t\t\t\t\t\t<\/div>\n\t\t\t\t<\/div>\n\t\t\t\t\t<\/div>\n\t\t<\/div>\n\t\t\t\t\t<\/div>\n\t\t<\/section>\n\t\t\t\t<section class=\"elementor-section elementor-top-section elementor-element elementor-element-9f65c05 elementor-section-boxed elementor-section-height-default elementor-section-height-default\" data-id=\"9f65c05\" data-element_type=\"section\" data-e-type=\"section\">\n\t\t\t\t\t\t<div class=\"elementor-container elementor-column-gap-default\">\n\t\t\t\t\t<div class=\"elementor-column elementor-col-50 elementor-top-column elementor-element elementor-element-d396fde\" data-id=\"d396fde\" data-element_type=\"column\" data-e-type=\"column\">\n\t\t\t<div class=\"elementor-widget-wrap elementor-element-populated\">\n\t\t\t\t\t\t<div class=\"elementor-element elementor-element-ab03796 elementor-widget__width-initial elementor-widget elementor-widget-image\" data-id=\"ab03796\" data-element_type=\"widget\" data-e-type=\"widget\" data-widget_type=\"image.default\">\n\t\t\t\t<div class=\"elementor-widget-container\">\n\t\t\t\t\t\t\t\t\t\t\t\t\t\t\t<img fetchpriority=\"high\" decoding=\"async\" width=\"750\" height=\"1000\" src=\"https:\/\/hkl100.ch\/wp-content\/uploads\/2023\/05\/IMG_3175.jpg\" class=\"attachment-large size-large wp-image-539\" alt=\"\" srcset=\"https:\/\/hkl100.ch\/wp-content\/uploads\/2023\/05\/IMG_3175.jpg 750w, https:\/\/hkl100.ch\/wp-content\/uploads\/2023\/05\/IMG_3175-225x300.jpg 225w\" sizes=\"(max-width: 750px) 100vw, 750px\" \/>\t\t\t\t\t\t\t\t\t\t\t\t\t\t\t<\/div>\n\t\t\t\t<\/div>\n\t\t\t\t\t<\/div>\n\t\t<\/div>\n\t\t\t\t<div class=\"elementor-column elementor-col-50 elementor-top-column elementor-element elementor-element-5c55a98\" data-id=\"5c55a98\" data-element_type=\"column\" data-e-type=\"column\">\n\t\t\t<div class=\"elementor-widget-wrap elementor-element-populated\">\n\t\t\t\t\t\t<div class=\"elementor-element elementor-element-a4f31c0 elementor-widget elementor-widget-spacer\" data-id=\"a4f31c0\" data-element_type=\"widget\" data-e-type=\"widget\" data-widget_type=\"spacer.default\">\n\t\t\t\t<div class=\"elementor-widget-container\">\n\t\t\t\t\t\t\t<div class=\"elementor-spacer\">\n\t\t\t<div class=\"elementor-spacer-inner\"><\/div>\n\t\t<\/div>\n\t\t\t\t\t\t<\/div>\n\t\t\t\t<\/div>\n\t\t\t\t<div class=\"elementor-element elementor-element-0141dd2 elementor-widget elementor-widget-spacer\" data-id=\"0141dd2\" data-element_type=\"widget\" data-e-type=\"widget\" data-widget_type=\"spacer.default\">\n\t\t\t\t<div class=\"elementor-widget-container\">\n\t\t\t\t\t\t\t<div class=\"elementor-spacer\">\n\t\t\t<div class=\"elementor-spacer-inner\"><\/div>\n\t\t<\/div>\n\t\t\t\t\t\t<\/div>\n\t\t\t\t<\/div>\n\t\t\t\t<div class=\"elementor-element elementor-element-0c03441 elementor-widget elementor-widget-text-editor\" data-id=\"0c03441\" data-element_type=\"widget\" data-e-type=\"widget\" data-widget_type=\"text-editor.default\">\n\t\t\t\t<div class=\"elementor-widget-container\">\n\t\t\t\t\t\t\t\t\t<h5>Wir schreiben das Jahr 2023, das Gr\u00fcndungsjahr des Vereins \u00abHistoric Karting League 100\u00bb. Genau 65 Jahre ist es nun her, seit der Kartsport in den USA erfunden wurde. Das erste Kart entstand im August 1956 in Kalifornien, konstruiert von Art Ingels und Lou Borelli. Es war ein kleines Fahrzeug mit einem Rohrrahmen, das vom West Bend-Motor eines Rasenm\u00e4hers angetrieben wurde.<\/h5><h5 class=\"elementor-divider\">Am 14. September 1956 f\u00e4hrt Art Ingels mit seiner Maschine um die Boxen in Pomona, wo ein Autorennen stattfand. Duffy Livingstone geh\u00f6rte zu den Zeugen dieses ersten \u00f6ffentlichen Auftritts des Karts von Ingels. Davon verf\u00fchrt, baute Livingstone zwei weitere Karts f\u00fcr sich und einen Freund. Im November f\u00fchrte Livingstone seinen ersten Test durch und lud dazu seinen Mitarbeiter Roy Desbrow ein, mit dem er ein Unternehmen leitete, das sich auf die Reparatur und Herstellung von Auspuffanlagen spezialisiert hatte. Desbrow konnte nicht widerstehen und stellte wiederum drei weitere Karts her. All diese Kartbesitzer bzw. -hersteller trafen sich nun regelm\u00e4ssig an Wochenenden auf Supermarktparkpl\u00e4tzen, wo sie ihre neuen Sportger\u00e4te im Wettbewerb fuhren und wo sie unweigerlich von der \u00f6rtlichen Polizei \u00abbesucht\u00bb wurden.<\/h5>\t\t\t\t\t\t\t\t<\/div>\n\t\t\t\t<\/div>\n\t\t\t\t\t<\/div>\n\t\t<\/div>\n\t\t\t\t\t<\/div>\n\t\t<\/section>\n\t\t\t\t<section class=\"elementor-section elementor-top-section elementor-element elementor-element-9a68b03 elementor-section-boxed elementor-section-height-default elementor-section-height-default\" data-id=\"9a68b03\" data-element_type=\"section\" data-e-type=\"section\">\n\t\t\t\t\t\t<div class=\"elementor-container elementor-column-gap-default\">\n\t\t\t\t\t<div class=\"elementor-column elementor-col-100 elementor-top-column elementor-element elementor-element-ef3de4b\" data-id=\"ef3de4b\" data-element_type=\"column\" data-e-type=\"column\">\n\t\t\t<div class=\"elementor-widget-wrap elementor-element-populated\">\n\t\t\t\t\t\t<div class=\"elementor-element elementor-element-e54a62f elementor-widget-divider--view-line elementor-widget elementor-widget-divider\" data-id=\"e54a62f\" data-element_type=\"widget\" data-e-type=\"widget\" data-widget_type=\"divider.default\">\n\t\t\t\t<div class=\"elementor-widget-container\">\n\t\t\t\t\t\t\t<div class=\"elementor-divider\">\n\t\t\t<span class=\"elementor-divider-separator\">\n\t\t\t\t\t\t<\/span>\n\t\t<\/div>\n\t\t\t\t\t\t<\/div>\n\t\t\t\t<\/div>\n\t\t\t\t<div class=\"elementor-element elementor-element-9aaebac elementor-widget elementor-widget-spacer\" data-id=\"9aaebac\" data-element_type=\"widget\" data-e-type=\"widget\" data-widget_type=\"spacer.default\">\n\t\t\t\t<div class=\"elementor-widget-container\">\n\t\t\t\t\t\t\t<div class=\"elementor-spacer\">\n\t\t\t<div class=\"elementor-spacer-inner\"><\/div>\n\t\t<\/div>\n\t\t\t\t\t\t<\/div>\n\t\t\t\t<\/div>\n\t\t\t\t\t<\/div>\n\t\t<\/div>\n\t\t\t\t\t<\/div>\n\t\t<\/section>\n\t\t\t\t<section class=\"elementor-section elementor-top-section elementor-element elementor-element-2e0e477 elementor-section-boxed elementor-section-height-default elementor-section-height-default\" data-id=\"2e0e477\" data-element_type=\"section\" data-e-type=\"section\">\n\t\t\t\t\t\t<div class=\"elementor-container elementor-column-gap-default\">\n\t\t\t\t\t<div class=\"elementor-column elementor-col-50 elementor-top-column elementor-element elementor-element-bf99a4e\" data-id=\"bf99a4e\" data-element_type=\"column\" data-e-type=\"column\">\n\t\t\t<div class=\"elementor-widget-wrap elementor-element-populated\">\n\t\t\t\t\t\t<div class=\"elementor-element elementor-element-6c4737d elementor-widget elementor-widget-heading\" data-id=\"6c4737d\" data-element_type=\"widget\" data-e-type=\"widget\" data-widget_type=\"heading.default\">\n\t\t\t\t<div class=\"elementor-widget-container\">\n\t\t\t\t\t<h2 class=\"elementor-heading-title elementor-size-default\">Der Startschuss<\/h2>\t\t\t\t<\/div>\n\t\t\t\t<\/div>\n\t\t\t\t<div class=\"elementor-element elementor-element-0b7d474 elementor-widget-divider--view-line elementor-widget elementor-widget-divider\" data-id=\"0b7d474\" data-element_type=\"widget\" data-e-type=\"widget\" data-widget_type=\"divider.default\">\n\t\t\t\t<div class=\"elementor-widget-container\">\n\t\t\t\t\t\t\t<div class=\"elementor-divider\">\n\t\t\t<span class=\"elementor-divider-separator\">\n\t\t\t\t\t\t<\/span>\n\t\t<\/div>\n\t\t\t\t\t\t<\/div>\n\t\t\t\t<\/div>\n\t\t\t\t<div class=\"elementor-element elementor-element-7c8ab0b elementor-widget elementor-widget-text-editor\" data-id=\"7c8ab0b\" data-element_type=\"widget\" data-e-type=\"widget\" data-widget_type=\"text-editor.default\">\n\t\t\t\t<div class=\"elementor-widget-container\">\n\t\t\t\t\t\t\t\t\t<h5>Nachdem in Europa 1958\/59 erste private Versuche durchgef\u00fchrt wurden, fand 1959 in England auf dem Formel-1-Circuit von Brands-Hatch eine Demo-Veranstaltung mit den neuartigen Sportger\u00e4ten statt, die mehrere Tausend Zuschauer anlockte. Im Winter 1959\/60 wurde dann der \u00abBritish Kart-Club\u00bb gegr\u00fcndet. Beinahe explosionsartig breitete sich der Kartsport in der Folge \u00fcber Europa aus. Grossen Anklang fand der neue Sport in Frankreich, wo innert kurzer Zeit eine stattliche Zahl an permanenten Pisten realisiert wurden. Das f\u00fchrte dazu, dass Frankreich zu Beginn der Sechziger-Jahre als Kartsport-Hochburg in Europa galt.<\/h5><h5>Im Februar 1960 gr\u00fcndete der Wiesbadener Automobilclub den Go-Kart-Club Deutschland (GKCD), der dem Automobilclub von Deutschland (AvD) angeschlossen war.<\/h5><h5>Das erste Go-Kart-Rennen auf deutschem Boden fand im April 1960 in Wiesbaden statt. Im November 1961 fand in der DDR in einer Leipziger Messehalle das erste Rennen mit den dort K-Wagen genannten Karts statt.<\/h5>\t\t\t\t\t\t\t\t<\/div>\n\t\t\t\t<\/div>\n\t\t\t\t\t<\/div>\n\t\t<\/div>\n\t\t\t\t<div class=\"elementor-column elementor-col-50 elementor-top-column elementor-element elementor-element-210310e\" data-id=\"210310e\" data-element_type=\"column\" data-e-type=\"column\">\n\t\t\t<div class=\"elementor-widget-wrap elementor-element-populated\">\n\t\t\t\t\t\t<div class=\"elementor-element elementor-element-55135c1 elementor-widget elementor-widget-spacer\" data-id=\"55135c1\" data-element_type=\"widget\" data-e-type=\"widget\" data-widget_type=\"spacer.default\">\n\t\t\t\t<div class=\"elementor-widget-container\">\n\t\t\t\t\t\t\t<div class=\"elementor-spacer\">\n\t\t\t<div class=\"elementor-spacer-inner\"><\/div>\n\t\t<\/div>\n\t\t\t\t\t\t<\/div>\n\t\t\t\t<\/div>\n\t\t\t\t<div class=\"elementor-element elementor-element-14ab3d4 elementor-widget elementor-widget-image\" data-id=\"14ab3d4\" data-element_type=\"widget\" data-e-type=\"widget\" data-widget_type=\"image.default\">\n\t\t\t\t<div class=\"elementor-widget-container\">\n\t\t\t\t\t\t\t\t\t\t\t\t\t\t\t<img decoding=\"async\" width=\"666\" height=\"500\" src=\"https:\/\/hkl100.ch\/wp-content\/uploads\/2023\/05\/IMG_4990-2.jpg\" class=\"attachment-large size-large wp-image-540\" alt=\"\" srcset=\"https:\/\/hkl100.ch\/wp-content\/uploads\/2023\/05\/IMG_4990-2.jpg 666w, https:\/\/hkl100.ch\/wp-content\/uploads\/2023\/05\/IMG_4990-2-300x225.jpg 300w\" sizes=\"(max-width: 666px) 100vw, 666px\" \/>\t\t\t\t\t\t\t\t\t\t\t\t\t\t\t<\/div>\n\t\t\t\t<\/div>\n\t\t\t\t\t<\/div>\n\t\t<\/div>\n\t\t\t\t\t<\/div>\n\t\t<\/section>\n\t\t\t\t<\/div>\n\t\t","protected":false},"excerpt":{"rendered":"<p>Wir schreiben das Jahr 2023, das Gr\u00fcndungsjahr des Vereins \u00abHistoric Karting League 100\u00bb. Genau 65 Jahre ist es nun her, seit der Kartsport in den USA erfunden wurde. Das erste [&hellip;]<\/p>\n","protected":false},"author":1,"featured_media":0,"parent":0,"menu_order":0,"comment_status":"closed","ping_status":"closed","template":"","meta":{"footnotes":""},"class_list":["post-509","page","type-page","status-publish","hentry"],"_links":{"self":[{"href":"https:\/\/hkl100.ch\/index.php?rest_route=\/wp\/v2\/pages\/509","targetHints":{"allow":["GET"]}}],"collection":[{"href":"https:\/\/hkl100.ch\/index.php?rest_route=\/wp\/v2\/pages"}],"about":[{"href":"https:\/\/hkl100.ch\/index.php?rest_route=\/wp\/v2\/types\/page"}],"author":[{"embeddable":true,"href":"https:\/\/hkl100.ch\/index.php?rest_route=\/wp\/v2\/users\/1"}],"replies":[{"embeddable":true,"href":"https:\/\/hkl100.ch\/index.php?rest_route=%2Fwp%2Fv2%2Fcomments&post=509"}],"version-history":[{"count":22,"href":"https:\/\/hkl100.ch\/index.php?rest_route=\/wp\/v2\/pages\/509\/revisions"}],"predecessor-version":[{"id":543,"href":"https:\/\/hkl100.ch\/index.php?rest_route=\/wp\/v2\/pages\/509\/revisions\/543"}],"wp:attachment":[{"href":"https:\/\/hkl100.ch\/index.php?rest_route=%2Fwp%2Fv2%2Fmedia&parent=509"}],"curies":[{"name":"wp","href":"https:\/\/api.w.org\/{rel}","templated":true}]}}